{"id":74,"date":"2019-07-24T13:48:31","date_gmt":"2019-07-24T11:48:31","guid":{"rendered":"http:\/\/scoutsdechaineux.com\/?page_id=74"},"modified":"2019-07-24T13:49:39","modified_gmt":"2019-07-24T11:49:39","slug":"magasins-de-scoutisme-dans-la-region","status":"publish","type":"page","link":"https:\/\/scoutsdechaineux.com\/?page_id=74","title":{"rendered":"Magasins de scoutisme."},"content":{"rendered":"\n<p>Besoin d\u2019une chemise, d\u2019un badge, d\u2019un sac de couchage, perdu ton foulard, \u2026 voici les adresses utiles de la r\u00e9gion.<\/p>\n\n\n\n<ul class=\"wp-block-list\"><li><strong>Alpi sport<\/strong><\/li><\/ul>\n\n\n\n<p>rue de Frang\u00e9e 170 \u00e0 4000 Li\u00e8ge<\/p>\n\n\n\n<p>042\/520 555 &nbsp; &nbsp; www.abatex.be<\/p>\n\n\n\n<ul class=\"wp-block-list\"><li><strong>La scouterie<\/strong><\/li><\/ul>\n\n\n\n<p>Bergkapellstrassen 46 \u00e0 4700 Eupen<\/p>\n\n\n\n<p>087\/554 364 &nbsp; &nbsp; ouvert les mercredi apr\u00e8s midi et le samedi matin<\/p>\n","protected":false},"excerpt":{"rendered":"<p>Besoin d\u2019une chemise, d\u2019un badge, d\u2019un sac de couchage, perdu ton foulard, \u2026 voici les adresses utiles de la r\u00e9gion. Alpi sport rue de Frang\u00e9e 170 \u00e0 4000 Li\u00e8ge 042\/520 555 &nbsp; &nbsp; www.abatex.be La scouterie Bergkapellstrassen 46 \u00e0 4700 Eupen 087\/554 364 &nbsp; &nbsp; ouvert les mercredi apr\u00e8s midi et le samedi matin<\/p>\n","protected":false},"author":1,"featured_media":0,"parent":0,"menu_order":0,"comment_status":"closed","ping_status":"closed","template":"","meta":{"_monsterinsights_skip_tracking":false,"_monsterinsights_sitenote_active":false,"_monsterinsights_sitenote_note":"","_monsterinsights_sitenote_category":0,"footnotes":""},"simple-restrict-permission":[],"class_list":["post-74","page","type-page","status-publish"],"_links":{"self":[{"href":"https:\/\/scoutsdechaineux.com\/index.php?rest_route=\/wp\/v2\/pages\/74","targetHints":{"allow":["GET"]}}],"collection":[{"href":"https:\/\/scoutsdechaineux.com\/index.php?rest_route=\/wp\/v2\/pages"}],"about":[{"href":"https:\/\/scoutsdechaineux.com\/index.php?rest_route=\/wp\/v2\/types\/page"}],"author":[{"embeddable":true,"href":"https:\/\/scoutsdechaineux.com\/index.php?rest_route=\/wp\/v2\/users\/1"}],"replies":[{"embeddable":true,"href":"https:\/\/scoutsdechaineux.com\/index.php?rest_route=%2Fwp%2Fv2%2Fcomments&post=74"}],"version-history":[{"count":2,"href":"https:\/\/scoutsdechaineux.com\/index.php?rest_route=\/wp\/v2\/pages\/74\/revisions"}],"predecessor-version":[{"id":76,"href":"https:\/\/scoutsdechaineux.com\/index.php?rest_route=\/wp\/v2\/pages\/74\/revisions\/76"}],"wp:attachment":[{"href":"https:\/\/scoutsdechaineux.com\/index.php?rest_route=%2Fwp%2Fv2%2Fmedia&parent=74"}],"wp:term":[{"taxonomy":"simple-restrict-permission","embeddable":true,"href":"https:\/\/scoutsdechaineux.com\/index.php?rest_route=%2Fwp%2Fv2%2Fsimple-restrict-permission&post=74"}],"curies":[{"name":"wp","href":"https:\/\/api.w.org\/{rel}","templated":true}]}}