{"id":68,"date":"2019-07-24T13:39:03","date_gmt":"2019-07-24T11:39:03","guid":{"rendered":"http:\/\/scoutsdechaineux.com\/?page_id=68"},"modified":"2025-03-12T18:21:51","modified_gmt":"2025-03-12T16:21:51","slug":"convocations-eclaireurs","status":"publish","type":"page","link":"https:\/\/scoutsdechaineux.com\/?page_id=68","title":{"rendered":"Convocations Eclaireurs"},"content":{"rendered":"\n<p><em><strong>En cas d\u2019absence, merci de pr\u00e9venir un chef pour assurer des r\u00e9unions de qualit\u00e9.<\/strong><\/em><\/p>\n\n\n\n<p style=\"font-size:30px\"><\/p>\n\n\n\n<figure class=\"wp-block-image size-full\"><img loading=\"lazy\" decoding=\"async\" width=\"545\" height=\"792\" src=\"https:\/\/scoutsdechaineux.com\/wp-content\/uploads\/2025\/03\/image-2.png\" alt=\"\" class=\"wp-image-1721\" srcset=\"https:\/\/scoutsdechaineux.com\/wp-content\/uploads\/2025\/03\/image-2.png 545w, https:\/\/scoutsdechaineux.com\/wp-content\/uploads\/2025\/03\/image-2-206x300.png 206w\" sizes=\"auto, (max-width: 545px) 100vw, 545px\" \/><\/figure>\n\n\n\n<p style=\"font-size:30px\"><\/p>\n\n\n\n<figure class=\"wp-block-image size-full\"><img loading=\"lazy\" decoding=\"async\" width=\"548\" height=\"783\" src=\"https:\/\/scoutsdechaineux.com\/wp-content\/uploads\/2025\/03\/image-3.png\" alt=\"\" class=\"wp-image-1722\" srcset=\"https:\/\/scoutsdechaineux.com\/wp-content\/uploads\/2025\/03\/image-3.png 548w, https:\/\/scoutsdechaineux.com\/wp-content\/uploads\/2025\/03\/image-3-210x300.png 210w\" sizes=\"auto, (max-width: 548px) 100vw, 548px\" \/><\/figure>\n\n\n\n<p style=\"font-size:30px\"><\/p>\n","protected":false},"excerpt":{"rendered":"<p>En cas d\u2019absence, merci de pr\u00e9venir un chef pour assurer des r\u00e9unions de qualit\u00e9.<\/p>\n","protected":false},"author":1,"featured_media":0,"parent":0,"menu_order":0,"comment_status":"closed","ping_status":"closed","template":"","meta":{"_monsterinsights_skip_tracking":false,"_monsterinsights_sitenote_active":false,"_monsterinsights_sitenote_note":"","_monsterinsights_sitenote_category":0,"footnotes":""},"simple-restrict-permission":[],"class_list":["post-68","page","type-page","status-publish"],"_links":{"self":[{"href":"https:\/\/scoutsdechaineux.com\/index.php?rest_route=\/wp\/v2\/pages\/68","targetHints":{"allow":["GET"]}}],"collection":[{"href":"https:\/\/scoutsdechaineux.com\/index.php?rest_route=\/wp\/v2\/pages"}],"about":[{"href":"https:\/\/scoutsdechaineux.com\/index.php?rest_route=\/wp\/v2\/types\/page"}],"author":[{"embeddable":true,"href":"https:\/\/scoutsdechaineux.com\/index.php?rest_route=\/wp\/v2\/users\/1"}],"replies":[{"embeddable":true,"href":"https:\/\/scoutsdechaineux.com\/index.php?rest_route=%2Fwp%2Fv2%2Fcomments&post=68"}],"version-history":[{"count":40,"href":"https:\/\/scoutsdechaineux.com\/index.php?rest_route=\/wp\/v2\/pages\/68\/revisions"}],"predecessor-version":[{"id":1724,"href":"https:\/\/scoutsdechaineux.com\/index.php?rest_route=\/wp\/v2\/pages\/68\/revisions\/1724"}],"wp:attachment":[{"href":"https:\/\/scoutsdechaineux.com\/index.php?rest_route=%2Fwp%2Fv2%2Fmedia&parent=68"}],"wp:term":[{"taxonomy":"simple-restrict-permission","embeddable":true,"href":"https:\/\/scoutsdechaineux.com\/index.php?rest_route=%2Fwp%2Fv2%2Fsimple-restrict-permission&post=68"}],"curies":[{"name":"wp","href":"https:\/\/api.w.org\/{rel}","templated":true}]}}