{"id":66,"date":"2019-07-24T13:38:43","date_gmt":"2019-07-24T11:38:43","guid":{"rendered":"http:\/\/scoutsdechaineux.com\/?page_id=66"},"modified":"2024-09-25T17:13:53","modified_gmt":"2024-09-25T15:13:53","slug":"convocations-louveteaux","status":"publish","type":"page","link":"https:\/\/scoutsdechaineux.com\/?page_id=66","title":{"rendered":"Convocations Louveteaux"},"content":{"rendered":"\n<p><em><strong>En cas d&rsquo;absence, merci de pr\u00e9venir un chef pour assurer des r\u00e9unions de qualit\u00e9.<\/strong><\/em><\/p>\n\n\n\n<p style=\"font-size:30px\"><\/p>\n\n\n\n<p><\/p>\n\n\n\n<p><\/p>\n","protected":false},"excerpt":{"rendered":"<p>En cas d&rsquo;absence, merci de pr\u00e9venir un chef pour assurer des r\u00e9unions de qualit\u00e9.<\/p>\n","protected":false},"author":1,"featured_media":0,"parent":0,"menu_order":0,"comment_status":"closed","ping_status":"closed","template":"","meta":{"_monsterinsights_skip_tracking":false,"_monsterinsights_sitenote_active":false,"_monsterinsights_sitenote_note":"","_monsterinsights_sitenote_category":0,"footnotes":""},"simple-restrict-permission":[],"class_list":["post-66","page","type-page","status-publish"],"_links":{"self":[{"href":"https:\/\/scoutsdechaineux.com\/index.php?rest_route=\/wp\/v2\/pages\/66","targetHints":{"allow":["GET"]}}],"collection":[{"href":"https:\/\/scoutsdechaineux.com\/index.php?rest_route=\/wp\/v2\/pages"}],"about":[{"href":"https:\/\/scoutsdechaineux.com\/index.php?rest_route=\/wp\/v2\/types\/page"}],"author":[{"embeddable":true,"href":"https:\/\/scoutsdechaineux.com\/index.php?rest_route=\/wp\/v2\/users\/1"}],"replies":[{"embeddable":true,"href":"https:\/\/scoutsdechaineux.com\/index.php?rest_route=%2Fwp%2Fv2%2Fcomments&post=66"}],"version-history":[{"count":53,"href":"https:\/\/scoutsdechaineux.com\/index.php?rest_route=\/wp\/v2\/pages\/66\/revisions"}],"predecessor-version":[{"id":1603,"href":"https:\/\/scoutsdechaineux.com\/index.php?rest_route=\/wp\/v2\/pages\/66\/revisions\/1603"}],"wp:attachment":[{"href":"https:\/\/scoutsdechaineux.com\/index.php?rest_route=%2Fwp%2Fv2%2Fmedia&parent=66"}],"wp:term":[{"taxonomy":"simple-restrict-permission","embeddable":true,"href":"https:\/\/scoutsdechaineux.com\/index.php?rest_route=%2Fwp%2Fv2%2Fsimple-restrict-permission&post=66"}],"curies":[{"name":"wp","href":"https:\/\/api.w.org\/{rel}","templated":true}]}}