{"id":64,"date":"2019-07-24T13:38:13","date_gmt":"2019-07-24T11:38:13","guid":{"rendered":"http:\/\/scoutsdechaineux.com\/?page_id=64"},"modified":"2024-09-25T17:13:14","modified_gmt":"2024-09-25T15:13:14","slug":"convocations-baladins","status":"publish","type":"page","link":"https:\/\/scoutsdechaineux.com\/?page_id=64","title":{"rendered":"Convocations Baladins"},"content":{"rendered":"\n<p><em><strong>En cas d&rsquo;absence, merci de pr\u00e9venir un chef pour assurer des r\u00e9unions de qualit\u00e9.<\/strong><\/em><\/p>\n\n\n\n<p class=\"has-large-font-size\"><\/p>\n\n\n\n<p><\/p>\n\n\n\n<p class=\"has-large-font-size\"><\/p>\n","protected":false},"excerpt":{"rendered":"<p>En cas d&rsquo;absence, merci de pr\u00e9venir un chef pour assurer des r\u00e9unions de qualit\u00e9.<\/p>\n","protected":false},"author":1,"featured_media":0,"parent":0,"menu_order":0,"comment_status":"closed","ping_status":"closed","template":"","meta":{"_monsterinsights_skip_tracking":false,"_monsterinsights_sitenote_active":false,"_monsterinsights_sitenote_note":"","_monsterinsights_sitenote_category":0,"footnotes":""},"simple-restrict-permission":[],"class_list":["post-64","page","type-page","status-publish"],"_links":{"self":[{"href":"https:\/\/scoutsdechaineux.com\/index.php?rest_route=\/wp\/v2\/pages\/64","targetHints":{"allow":["GET"]}}],"collection":[{"href":"https:\/\/scoutsdechaineux.com\/index.php?rest_route=\/wp\/v2\/pages"}],"about":[{"href":"https:\/\/scoutsdechaineux.com\/index.php?rest_route=\/wp\/v2\/types\/page"}],"author":[{"embeddable":true,"href":"https:\/\/scoutsdechaineux.com\/index.php?rest_route=\/wp\/v2\/users\/1"}],"replies":[{"embeddable":true,"href":"https:\/\/scoutsdechaineux.com\/index.php?rest_route=%2Fwp%2Fv2%2Fcomments&post=64"}],"version-history":[{"count":52,"href":"https:\/\/scoutsdechaineux.com\/index.php?rest_route=\/wp\/v2\/pages\/64\/revisions"}],"predecessor-version":[{"id":1601,"href":"https:\/\/scoutsdechaineux.com\/index.php?rest_route=\/wp\/v2\/pages\/64\/revisions\/1601"}],"wp:attachment":[{"href":"https:\/\/scoutsdechaineux.com\/index.php?rest_route=%2Fwp%2Fv2%2Fmedia&parent=64"}],"wp:term":[{"taxonomy":"simple-restrict-permission","embeddable":true,"href":"https:\/\/scoutsdechaineux.com\/index.php?rest_route=%2Fwp%2Fv2%2Fsimple-restrict-permission&post=64"}],"curies":[{"name":"wp","href":"https:\/\/api.w.org\/{rel}","templated":true}]}}