{"id":556,"date":"2019-11-30T17:36:36","date_gmt":"2019-11-30T15:36:36","guid":{"rendered":"https:\/\/scoutsdechaineux.com\/?page_id=556"},"modified":"2019-11-30T17:37:31","modified_gmt":"2019-11-30T15:37:31","slug":"montage-souper-photos","status":"publish","type":"page","link":"https:\/\/scoutsdechaineux.com\/?page_id=556","title":{"rendered":"Montage souper photos"},"content":{"rendered":"\n<div class=\"wp-block-image\"><figure class=\"alignright\"><img loading=\"lazy\" decoding=\"async\" width=\"278\" height=\"217\" src=\"https:\/\/scoutsdechaineux.com\/wp-content\/uploads\/2019\/11\/Picto-Prestation-Video-AJ.png\" alt=\"\" class=\"wp-image-529\"\/><\/figure><\/div>\n\n\n\n<p>Bonjour,<\/p>\n\n\n\n<p>Pour les personnes qui n&rsquo;auraient malheureusement pas pu assister au visionnage du montage photo des camps 2019 , nous le mettons \u00e0 votre disposition. Si vous le d\u00e9sirez, vous pourrez, soit le t\u00e9l\u00e9charger,&nbsp;soit le visionner en ligne.<\/p>\n\n\n\n<p><a href=\"http:\/\/bit.ly\/2KbUFDD\">=&gt; Montage photos &lt;=<\/a><\/p>\n\n\n\n<p>Nous vous souhaitons un bon visionnage.<\/p>\n\n\n\n<p>Le Staff.<\/p>\n","protected":false},"excerpt":{"rendered":"<p>Bonjour, Pour les personnes qui n&rsquo;auraient malheureusement pas pu assister au visionnage du montage photo des camps 2019 , nous le mettons \u00e0 votre disposition. Si vous le d\u00e9sirez, vous pourrez, soit le t\u00e9l\u00e9charger,&nbsp;soit le visionner en ligne. =&gt; Montage photos &lt;= Nous vous souhaitons un bon visionnage. Le Staff.<\/p>\n","protected":false},"author":1,"featured_media":0,"parent":0,"menu_order":0,"comment_status":"closed","ping_status":"closed","template":"","meta":{"_monsterinsights_skip_tracking":false,"_monsterinsights_sitenote_active":false,"_monsterinsights_sitenote_note":"","_monsterinsights_sitenote_category":0,"footnotes":""},"simple-restrict-permission":[],"class_list":["post-556","page","type-page","status-publish"],"_links":{"self":[{"href":"https:\/\/scoutsdechaineux.com\/index.php?rest_route=\/wp\/v2\/pages\/556","targetHints":{"allow":["GET"]}}],"collection":[{"href":"https:\/\/scoutsdechaineux.com\/index.php?rest_route=\/wp\/v2\/pages"}],"about":[{"href":"https:\/\/scoutsdechaineux.com\/index.php?rest_route=\/wp\/v2\/types\/page"}],"author":[{"embeddable":true,"href":"https:\/\/scoutsdechaineux.com\/index.php?rest_route=\/wp\/v2\/users\/1"}],"replies":[{"embeddable":true,"href":"https:\/\/scoutsdechaineux.com\/index.php?rest_route=%2Fwp%2Fv2%2Fcomments&post=556"}],"version-history":[{"count":2,"href":"https:\/\/scoutsdechaineux.com\/index.php?rest_route=\/wp\/v2\/pages\/556\/revisions"}],"predecessor-version":[{"id":558,"href":"https:\/\/scoutsdechaineux.com\/index.php?rest_route=\/wp\/v2\/pages\/556\/revisions\/558"}],"wp:attachment":[{"href":"https:\/\/scoutsdechaineux.com\/index.php?rest_route=%2Fwp%2Fv2%2Fmedia&parent=556"}],"wp:term":[{"taxonomy":"simple-restrict-permission","embeddable":true,"href":"https:\/\/scoutsdechaineux.com\/index.php?rest_route=%2Fwp%2Fv2%2Fsimple-restrict-permission&post=556"}],"curies":[{"name":"wp","href":"https:\/\/api.w.org\/{rel}","templated":true}]}}