{"id":51,"date":"2019-07-24T13:24:09","date_gmt":"2019-07-24T11:24:09","guid":{"rendered":"http:\/\/scoutsdechaineux.com\/?page_id=51"},"modified":"2019-07-24T13:24:10","modified_gmt":"2019-07-24T11:24:10","slug":"pionniers","status":"publish","type":"page","link":"https:\/\/scoutsdechaineux.com\/?page_id=51","title":{"rendered":"Pionniers"},"content":{"rendered":"\n<h3 class=\"wp-block-heading\"><strong>AU POSTE, JE M\u2019ENGAGE.<\/strong><\/h3>\n\n\n\n<div class=\"wp-block-image\"><figure class=\"aligncenter is-resized\"><img loading=\"lazy\" decoding=\"async\" src=\"https:\/\/scoutsdechaineux.com\/wp-content\/uploads\/2019\/07\/csm_Branches_Logos_2018_Pionniers_Quad_Protection_3e35c86736.png\" alt=\"\" class=\"wp-image-52\" width=\"279\" height=\"319\"\/><\/figure><\/div>\n\n\n\n<ul class=\"wp-block-list\"><li><strong>Pionnier\/pionni\u00e8re<\/strong>&nbsp;: scout-e \u00e2g\u00e9-e de 16 \u00e0 18 ans.<\/li><li><strong>Poste<\/strong>&nbsp;: nom donn\u00e9 \u00e0 une section regroupant les pionniers d\u2019une unit\u00e9.<\/li><\/ul>\n\n\n\n<p>Entre 16 et 18 ans, le jeune est en qu\u00eate d\u2019id\u00e9aux et souhaite \u00e9largir son horizon.<\/p>\n\n\n\n<p>Au poste, le pionnier ou la pionni\u00e8re se d\u00e9couvre citoyen-ne du monde : il ou elle met ses comp\u00e9tences au service des autres et de ses convictions.<\/p>\n\n\n\n<p>Il ou elle r\u00e9fl\u00e9chit \u00e0 son avenir et tente d\u2019agir en coh\u00e9rence avec ses convictions.<\/p>\n\n\n\n<p>Tout au long de l\u2019ann\u00e9e, les pionniers mettent en place de petits et grands projets, le principal \u00e9tant leur camp.<\/p>\n\n\n\n<p>Les pionniers sont appel\u00e9s \u00e0 renouveler leur Promesse en pronon\u00e7ant leur Engagement. Ils r\u00e9affirment ainsi leur d\u00e9sir de vivre selon les valeurs de la Loi scoute, tout en r\u00e9fl\u00e9chissant \u00e0 l\u2019impact que cet engagement aura sur leur vie future.<\/p>\n\n\n\n<div class=\"wp-block-image\"><figure class=\"aligncenter\"><img decoding=\"async\" src=\"http:\/\/dfsetl.epizy.com\/scoutchaineux\/wp-content\/uploads\/2019\/04\/pionniers.png\" alt=\"\" class=\"wp-image-70\"\/><\/figure><\/div>\n","protected":false},"excerpt":{"rendered":"<p>AU POSTE, JE M\u2019ENGAGE. Pionnier\/pionni\u00e8re&nbsp;: scout-e \u00e2g\u00e9-e de 16 \u00e0 18 ans. Poste&nbsp;: nom donn\u00e9 \u00e0 une section regroupant les pionniers d\u2019une unit\u00e9. Entre 16 et 18 ans, le jeune est en qu\u00eate d\u2019id\u00e9aux et souhaite \u00e9largir son horizon. Au poste, le pionnier ou la pionni\u00e8re se d\u00e9couvre citoyen-ne du monde : il ou elle &#8230; <a title=\"Pionniers\" class=\"read-more\" href=\"https:\/\/scoutsdechaineux.com\/?page_id=51\" aria-label=\"More on Pionniers\">Lire la suite<\/a><\/p>\n","protected":false},"author":1,"featured_media":0,"parent":0,"menu_order":0,"comment_status":"closed","ping_status":"closed","template":"","meta":{"_monsterinsights_skip_tracking":false,"_monsterinsights_sitenote_active":false,"_monsterinsights_sitenote_note":"","_monsterinsights_sitenote_category":0,"footnotes":""},"simple-restrict-permission":[],"class_list":["post-51","page","type-page","status-publish"],"_links":{"self":[{"href":"https:\/\/scoutsdechaineux.com\/index.php?rest_route=\/wp\/v2\/pages\/51","targetHints":{"allow":["GET"]}}],"collection":[{"href":"https:\/\/scoutsdechaineux.com\/index.php?rest_route=\/wp\/v2\/pages"}],"about":[{"href":"https:\/\/scoutsdechaineux.com\/index.php?rest_route=\/wp\/v2\/types\/page"}],"author":[{"embeddable":true,"href":"https:\/\/scoutsdechaineux.com\/index.php?rest_route=\/wp\/v2\/users\/1"}],"replies":[{"embeddable":true,"href":"https:\/\/scoutsdechaineux.com\/index.php?rest_route=%2Fwp%2Fv2%2Fcomments&post=51"}],"version-history":[{"count":1,"href":"https:\/\/scoutsdechaineux.com\/index.php?rest_route=\/wp\/v2\/pages\/51\/revisions"}],"predecessor-version":[{"id":53,"href":"https:\/\/scoutsdechaineux.com\/index.php?rest_route=\/wp\/v2\/pages\/51\/revisions\/53"}],"wp:attachment":[{"href":"https:\/\/scoutsdechaineux.com\/index.php?rest_route=%2Fwp%2Fv2%2Fmedia&parent=51"}],"wp:term":[{"taxonomy":"simple-restrict-permission","embeddable":true,"href":"https:\/\/scoutsdechaineux.com\/index.php?rest_route=%2Fwp%2Fv2%2Fsimple-restrict-permission&post=51"}],"curies":[{"name":"wp","href":"https:\/\/api.w.org\/{rel}","templated":true}]}}