{"id":46,"date":"2019-07-24T13:22:05","date_gmt":"2019-07-24T11:22:05","guid":{"rendered":"http:\/\/scoutsdechaineux.com\/?page_id=46"},"modified":"2019-07-24T13:22:05","modified_gmt":"2019-07-24T11:22:05","slug":"eclaireurs","status":"publish","type":"page","link":"https:\/\/scoutsdechaineux.com\/?page_id=46","title":{"rendered":"Eclaireurs"},"content":{"rendered":"\n<h3 class=\"wp-block-heading\"><strong>\u00c0 LA TROUPE, JE CONSTRUIS AVEC LES AUTRES.<\/strong><\/h3>\n\n\n\n<div class=\"wp-block-image\"><figure class=\"aligncenter is-resized\"><img loading=\"lazy\" decoding=\"async\" src=\"https:\/\/scoutsdechaineux.com\/wp-content\/uploads\/2019\/07\/Branches_Logos_2018_Eclaireurs_Quad_Protection-897x1024.png\" alt=\"\" class=\"wp-image-47\" width=\"331\" height=\"378\" srcset=\"https:\/\/scoutsdechaineux.com\/wp-content\/uploads\/2019\/07\/Branches_Logos_2018_Eclaireurs_Quad_Protection-897x1024.png 897w, https:\/\/scoutsdechaineux.com\/wp-content\/uploads\/2019\/07\/Branches_Logos_2018_Eclaireurs_Quad_Protection-263x300.png 263w, https:\/\/scoutsdechaineux.com\/wp-content\/uploads\/2019\/07\/Branches_Logos_2018_Eclaireurs_Quad_Protection-768x877.png 768w, https:\/\/scoutsdechaineux.com\/wp-content\/uploads\/2019\/07\/Branches_Logos_2018_Eclaireurs_Quad_Protection.png 1035w\" sizes=\"auto, (max-width: 331px) 100vw, 331px\" \/><\/figure><\/div>\n\n\n\n<ul class=\"wp-block-list\"><li><strong>\u00c9claireur\/\u00e9claireuse<\/strong>&nbsp;: scout-e \u00e2g\u00e9-e de 12 \u00e0 16 ans.<\/li><li><strong>Troupe<\/strong>&nbsp;: nom donn\u00e9 \u00e0 une section regroupant les \u00e9claireurs d\u2019une unit\u00e9.<\/li><\/ul>\n\n\n\n<p>Au d\u00e9but de l\u2019adolescence, le jeune d\u00e9veloppe son sens des responsabilit\u00e9s : il prend les choses en main.<\/p>\n\n\n\n<p>\u00c0 la troupe, et particuli\u00e8rement au sein du petit groupe qu\u2019est la patrouille, l\u2019\u00e9claireur ou l\u2019\u00e9claireuse participe \u00e0 la construction collective de projets, dans un esprit de solidarit\u00e9.<\/p>\n\n\n\n<p>Il ou elle fait des plans, r\u00eave, se responsabilise et agit pour le groupe.<\/p>\n\n\n\n<p>Chez les \u00c9claireurs, les scouts partagent des moments de vie simples durant lesquels ils s\u2019\u00e9paulent et se motivent. Chacun re\u00e7oit un totem et un quali (qualificatif) qui confortent son appartenance au groupe. Chez les \u00c9claireurs, le scout montre son adh\u00e9sion aux valeurs scoutes en pronon\u00e7ant sa Promesse.<\/p>\n\n\n\n<div class=\"wp-block-image\"><figure class=\"aligncenter\"><img decoding=\"async\" src=\"http:\/\/dfsetl.epizy.com\/scoutchaineux\/wp-content\/uploads\/2019\/04\/eclaireurs.png\" alt=\"\" class=\"wp-image-65\"\/><\/figure><\/div>\n","protected":false},"excerpt":{"rendered":"<p>\u00c0 LA TROUPE, JE CONSTRUIS AVEC LES AUTRES. \u00c9claireur\/\u00e9claireuse&nbsp;: scout-e \u00e2g\u00e9-e de 12 \u00e0 16 ans. Troupe&nbsp;: nom donn\u00e9 \u00e0 une section regroupant les \u00e9claireurs d\u2019une unit\u00e9. Au d\u00e9but de l\u2019adolescence, le jeune d\u00e9veloppe son sens des responsabilit\u00e9s : il prend les choses en main. \u00c0 la troupe, et particuli\u00e8rement au sein du petit groupe &#8230; <a title=\"Eclaireurs\" class=\"read-more\" href=\"https:\/\/scoutsdechaineux.com\/?page_id=46\" aria-label=\"More on Eclaireurs\">Lire la suite<\/a><\/p>\n","protected":false},"author":1,"featured_media":0,"parent":0,"menu_order":0,"comment_status":"closed","ping_status":"closed","template":"","meta":{"_monsterinsights_skip_tracking":false,"_monsterinsights_sitenote_active":false,"_monsterinsights_sitenote_note":"","_monsterinsights_sitenote_category":0,"footnotes":""},"simple-restrict-permission":[],"class_list":["post-46","page","type-page","status-publish"],"_links":{"self":[{"href":"https:\/\/scoutsdechaineux.com\/index.php?rest_route=\/wp\/v2\/pages\/46","targetHints":{"allow":["GET"]}}],"collection":[{"href":"https:\/\/scoutsdechaineux.com\/index.php?rest_route=\/wp\/v2\/pages"}],"about":[{"href":"https:\/\/scoutsdechaineux.com\/index.php?rest_route=\/wp\/v2\/types\/page"}],"author":[{"embeddable":true,"href":"https:\/\/scoutsdechaineux.com\/index.php?rest_route=\/wp\/v2\/users\/1"}],"replies":[{"embeddable":true,"href":"https:\/\/scoutsdechaineux.com\/index.php?rest_route=%2Fwp%2Fv2%2Fcomments&post=46"}],"version-history":[{"count":1,"href":"https:\/\/scoutsdechaineux.com\/index.php?rest_route=\/wp\/v2\/pages\/46\/revisions"}],"predecessor-version":[{"id":48,"href":"https:\/\/scoutsdechaineux.com\/index.php?rest_route=\/wp\/v2\/pages\/46\/revisions\/48"}],"wp:attachment":[{"href":"https:\/\/scoutsdechaineux.com\/index.php?rest_route=%2Fwp%2Fv2%2Fmedia&parent=46"}],"wp:term":[{"taxonomy":"simple-restrict-permission","embeddable":true,"href":"https:\/\/scoutsdechaineux.com\/index.php?rest_route=%2Fwp%2Fv2%2Fsimple-restrict-permission&post=46"}],"curies":[{"name":"wp","href":"https:\/\/api.w.org\/{rel}","templated":true}]}}