{"id":43,"date":"2019-07-24T13:20:07","date_gmt":"2019-07-24T11:20:07","guid":{"rendered":"http:\/\/scoutsdechaineux.com\/?page_id=43"},"modified":"2019-07-24T13:22:49","modified_gmt":"2019-07-24T11:22:49","slug":"louveteaux","status":"publish","type":"page","link":"https:\/\/scoutsdechaineux.com\/?page_id=43","title":{"rendered":"Louveteaux"},"content":{"rendered":"\n<h3 class=\"wp-block-heading\"><strong>\u00c0 LA MEUTE, JE VIS PLEINEMENT AVEC LES AUTRES<\/strong>.<\/h3>\n\n\n\n<div class=\"wp-block-image\"><figure class=\"aligncenter is-resized\"><img loading=\"lazy\" decoding=\"async\" src=\"http:\/\/scoutsdechaineux.com\/wp-content\/uploads\/2019\/07\/csm_Branches_Logos_2018_Louveteaux_Quad_Protection_0f16853d28.png\" alt=\"\" class=\"wp-image-44\" width=\"282\" height=\"323\"\/><\/figure><\/div>\n\n\n\n<ul class=\"wp-block-list\"><li><strong>Louveteau\/louvette<\/strong>&nbsp;: scout-e \u00e2g\u00e9-e de 8 \u00e0 12 ans.<\/li><li><strong>Meute<\/strong>&nbsp;: nom donn\u00e9 \u00e0 une section regroupant les louveteaux d\u2019une unit\u00e9.<\/li><\/ul>\n\n\n\n<p>Chez les Louveteaux, l\u2019enfant exp\u00e9rimente la&nbsp;<strong>vie en communaut\u00e9&nbsp;<\/strong>et approfondit ses relations avec les autres. Il prend des&nbsp;<strong>responsabilit\u00e9s<\/strong>adapt\u00e9es \u00e0 son \u00e2ge, apprend \u00e0 partager, \u00e0 coop\u00e9rer et \u00e0 \u00e9couter.<\/p>\n\n\n\n<p>Les louveteaux et louvettes \u00e9voluent dans l\u2019univers du&nbsp;<em>Livre de la jungle<\/em>&nbsp;de Rudyard Kipling. Ils s\u2019identifient facilement aux personnages, notamment \u00e0 Mowgli et, tout comme lui, ils apprivoisent la vie en communaut\u00e9.Traces de loup<br><\/p>\n\n\n\n<div class=\"wp-block-image\"><figure class=\"aligncenter\"><img decoding=\"async\" src=\"http:\/\/dfsetl.epizy.com\/scoutchaineux\/wp-content\/uploads\/2019\/04\/louveteaux.png\" alt=\"\" class=\"wp-image-57\"\/><\/figure><\/div>\n","protected":false},"excerpt":{"rendered":"<p>\u00c0 LA MEUTE, JE VIS PLEINEMENT AVEC LES AUTRES. Louveteau\/louvette&nbsp;: scout-e \u00e2g\u00e9-e de 8 \u00e0 12 ans. Meute&nbsp;: nom donn\u00e9 \u00e0 une section regroupant les louveteaux d\u2019une unit\u00e9. Chez les Louveteaux, l\u2019enfant exp\u00e9rimente la&nbsp;vie en communaut\u00e9&nbsp;et approfondit ses relations avec les autres. Il prend des&nbsp;responsabilit\u00e9sadapt\u00e9es \u00e0 son \u00e2ge, apprend \u00e0 partager, \u00e0 coop\u00e9rer et \u00e0 &#8230; <a title=\"Louveteaux\" class=\"read-more\" href=\"https:\/\/scoutsdechaineux.com\/?page_id=43\" aria-label=\"More on Louveteaux\">Lire la suite<\/a><\/p>\n","protected":false},"author":1,"featured_media":0,"parent":0,"menu_order":0,"comment_status":"closed","ping_status":"closed","template":"","meta":{"_monsterinsights_skip_tracking":false,"_monsterinsights_sitenote_active":false,"_monsterinsights_sitenote_note":"","_monsterinsights_sitenote_category":0,"footnotes":""},"simple-restrict-permission":[],"class_list":["post-43","page","type-page","status-publish"],"_links":{"self":[{"href":"https:\/\/scoutsdechaineux.com\/index.php?rest_route=\/wp\/v2\/pages\/43","targetHints":{"allow":["GET"]}}],"collection":[{"href":"https:\/\/scoutsdechaineux.com\/index.php?rest_route=\/wp\/v2\/pages"}],"about":[{"href":"https:\/\/scoutsdechaineux.com\/index.php?rest_route=\/wp\/v2\/types\/page"}],"author":[{"embeddable":true,"href":"https:\/\/scoutsdechaineux.com\/index.php?rest_route=\/wp\/v2\/users\/1"}],"replies":[{"embeddable":true,"href":"https:\/\/scoutsdechaineux.com\/index.php?rest_route=%2Fwp%2Fv2%2Fcomments&post=43"}],"version-history":[{"count":2,"href":"https:\/\/scoutsdechaineux.com\/index.php?rest_route=\/wp\/v2\/pages\/43\/revisions"}],"predecessor-version":[{"id":50,"href":"https:\/\/scoutsdechaineux.com\/index.php?rest_route=\/wp\/v2\/pages\/43\/revisions\/50"}],"wp:attachment":[{"href":"https:\/\/scoutsdechaineux.com\/index.php?rest_route=%2Fwp%2Fv2%2Fmedia&parent=43"}],"wp:term":[{"taxonomy":"simple-restrict-permission","embeddable":true,"href":"https:\/\/scoutsdechaineux.com\/index.php?rest_route=%2Fwp%2Fv2%2Fsimple-restrict-permission&post=43"}],"curies":[{"name":"wp","href":"https:\/\/api.w.org\/{rel}","templated":true}]}}