{"id":38,"date":"2019-07-24T13:15:50","date_gmt":"2019-07-24T11:15:50","guid":{"rendered":"http:\/\/scoutsdechaineux.com\/?page_id=38"},"modified":"2019-07-24T13:22:33","modified_gmt":"2019-07-24T11:22:33","slug":"baladins","status":"publish","type":"page","link":"https:\/\/scoutsdechaineux.com\/?page_id=38","title":{"rendered":"Baladins"},"content":{"rendered":"\n<h3 class=\"wp-block-heading\"><strong>\u00c0 LA RIBAMBELLE, JE PRENDS CONFIANCE.<\/strong><\/h3>\n\n\n\n<div class=\"wp-block-image\"><figure class=\"aligncenter is-resized\"><img loading=\"lazy\" decoding=\"async\" src=\"https:\/\/scoutsdechaineux.com\/wp-content\/uploads\/2019\/07\/Branches_Logos_2018_Baladins_Quad_Protection-897x1024.png\" alt=\"\" class=\"wp-image-39\" width=\"327\" height=\"373\" srcset=\"https:\/\/scoutsdechaineux.com\/wp-content\/uploads\/2019\/07\/Branches_Logos_2018_Baladins_Quad_Protection-897x1024.png 897w, https:\/\/scoutsdechaineux.com\/wp-content\/uploads\/2019\/07\/Branches_Logos_2018_Baladins_Quad_Protection-263x300.png 263w, https:\/\/scoutsdechaineux.com\/wp-content\/uploads\/2019\/07\/Branches_Logos_2018_Baladins_Quad_Protection-768x877.png 768w, https:\/\/scoutsdechaineux.com\/wp-content\/uploads\/2019\/07\/Branches_Logos_2018_Baladins_Quad_Protection.png 1035w\" sizes=\"auto, (max-width: 327px) 100vw, 327px\" \/><\/figure><\/div>\n\n\n\n<ul class=\"wp-block-list\"><li><strong>Baladin\/baladine<\/strong>&nbsp;: scout-e \u00e2g\u00e9-e de 6 \u00e0 8 ans.<\/li><li><strong>Ribambelle<\/strong>&nbsp;: nom donn\u00e9 \u00e0 une section regroupant les baladins d\u2019une unit\u00e9.<\/li><\/ul>\n\n\n\n<p>\u00c0 l\u2019\u00e2ge des baladins, l\u2019enfant connait de grands changements, tant sur le plan intellectuel que relationnel. Pour profiter de toutes ses d\u00e9couvertes, il a besoin d\u2019acqu\u00e9rir la confiance indispensable \u00e0 son \u00e9panouissement.<\/p>\n\n\n\n<p>Gr\u00e2ce aux activit\u00e9s mises en place \u00e0 la ribambelle, le baladin ou la baladine part \u00e0 la rencontre des autres, d\u00e9couvre, essaie et s\u2019\u00e9merveille.<\/p>\n\n\n\n<div class=\"wp-block-image\"><figure class=\"aligncenter\"><img decoding=\"async\" src=\"http:\/\/dfsetl.epizy.com\/scoutchaineux\/wp-content\/uploads\/2019\/04\/baladins.png\" alt=\"\" class=\"wp-image-51\"\/><\/figure><\/div>\n","protected":false},"excerpt":{"rendered":"<p>\u00c0 LA RIBAMBELLE, JE PRENDS CONFIANCE. Baladin\/baladine&nbsp;: scout-e \u00e2g\u00e9-e de 6 \u00e0 8 ans. Ribambelle&nbsp;: nom donn\u00e9 \u00e0 une section regroupant les baladins d\u2019une unit\u00e9. \u00c0 l\u2019\u00e2ge des baladins, l\u2019enfant connait de grands changements, tant sur le plan intellectuel que relationnel. Pour profiter de toutes ses d\u00e9couvertes, il a besoin d\u2019acqu\u00e9rir la confiance indispensable \u00e0 &#8230; <a title=\"Baladins\" class=\"read-more\" href=\"https:\/\/scoutsdechaineux.com\/?page_id=38\" aria-label=\"More on Baladins\">Lire la suite<\/a><\/p>\n","protected":false},"author":1,"featured_media":0,"parent":0,"menu_order":0,"comment_status":"closed","ping_status":"closed","template":"","meta":{"_monsterinsights_skip_tracking":false,"_monsterinsights_sitenote_active":false,"_monsterinsights_sitenote_note":"","_monsterinsights_sitenote_category":0,"footnotes":""},"simple-restrict-permission":[],"class_list":["post-38","page","type-page","status-publish"],"_links":{"self":[{"href":"https:\/\/scoutsdechaineux.com\/index.php?rest_route=\/wp\/v2\/pages\/38","targetHints":{"allow":["GET"]}}],"collection":[{"href":"https:\/\/scoutsdechaineux.com\/index.php?rest_route=\/wp\/v2\/pages"}],"about":[{"href":"https:\/\/scoutsdechaineux.com\/index.php?rest_route=\/wp\/v2\/types\/page"}],"author":[{"embeddable":true,"href":"https:\/\/scoutsdechaineux.com\/index.php?rest_route=\/wp\/v2\/users\/1"}],"replies":[{"embeddable":true,"href":"https:\/\/scoutsdechaineux.com\/index.php?rest_route=%2Fwp%2Fv2%2Fcomments&post=38"}],"version-history":[{"count":3,"href":"https:\/\/scoutsdechaineux.com\/index.php?rest_route=\/wp\/v2\/pages\/38\/revisions"}],"predecessor-version":[{"id":49,"href":"https:\/\/scoutsdechaineux.com\/index.php?rest_route=\/wp\/v2\/pages\/38\/revisions\/49"}],"wp:attachment":[{"href":"https:\/\/scoutsdechaineux.com\/index.php?rest_route=%2Fwp%2Fv2%2Fmedia&parent=38"}],"wp:term":[{"taxonomy":"simple-restrict-permission","embeddable":true,"href":"https:\/\/scoutsdechaineux.com\/index.php?rest_route=%2Fwp%2Fv2%2Fsimple-restrict-permission&post=38"}],"curies":[{"name":"wp","href":"https:\/\/api.w.org\/{rel}","templated":true}]}}