{"id":268,"date":"2019-09-18T12:50:43","date_gmt":"2019-09-18T10:50:43","guid":{"rendered":"https:\/\/scoutsdechaineux.com\/?page_id=268"},"modified":"2019-09-18T22:29:40","modified_gmt":"2019-09-18T20:29:40","slug":"convocations","status":"publish","type":"page","link":"https:\/\/scoutsdechaineux.com\/?page_id=268","title":{"rendered":"Convocations"},"content":{"rendered":"\n<p>Les r\u00e9unions se font les samedis de 14h \u00e0 17h . V\u00e9rifiez bien les convocations de votre section pour connaitre les dates exactes.<\/p>\n\n\n\n<p>Le rassemblement est fait devant l&rsquo;\u00e9glise du village de Chaineux.<\/p>\n\n\n\n<p>En cas d&rsquo;absence, n&rsquo;oubliez pas de pr\u00e9venir les chefs<\/p>\n\n\n\n<p><\/p>\n\n\n\n<iframe loading=\"lazy\" src=\"https:\/\/www.google.com\/maps\/embed?pb=!4v1568803546705!6m8!1m7!1sAXp-iIiwqHi1-UwH3Cumpw!2m2!1d50.63182604819202!2d5.834131787141954!3f82.76858468919538!4f-0.6123022858376004!5f1.1924812503605782\" width=\"600\" height=\"450\" frameborder=\"0\" style=\"border:0;\" allowfullscreen=\"\"><\/iframe>\n","protected":false},"excerpt":{"rendered":"<p>Les r\u00e9unions se font les samedis de 14h \u00e0 17h . V\u00e9rifiez bien les convocations de votre section pour connaitre les dates exactes. Le rassemblement est fait devant l&rsquo;\u00e9glise du village de Chaineux. En cas d&rsquo;absence, n&rsquo;oubliez pas de pr\u00e9venir les chefs<\/p>\n","protected":false},"author":1,"featured_media":0,"parent":0,"menu_order":0,"comment_status":"closed","ping_status":"closed","template":"","meta":{"_monsterinsights_skip_tracking":false,"_monsterinsights_sitenote_active":false,"_monsterinsights_sitenote_note":"","_monsterinsights_sitenote_category":0,"footnotes":""},"simple-restrict-permission":[],"class_list":["post-268","page","type-page","status-publish"],"_links":{"self":[{"href":"https:\/\/scoutsdechaineux.com\/index.php?rest_route=\/wp\/v2\/pages\/268","targetHints":{"allow":["GET"]}}],"collection":[{"href":"https:\/\/scoutsdechaineux.com\/index.php?rest_route=\/wp\/v2\/pages"}],"about":[{"href":"https:\/\/scoutsdechaineux.com\/index.php?rest_route=\/wp\/v2\/types\/page"}],"author":[{"embeddable":true,"href":"https:\/\/scoutsdechaineux.com\/index.php?rest_route=\/wp\/v2\/users\/1"}],"replies":[{"embeddable":true,"href":"https:\/\/scoutsdechaineux.com\/index.php?rest_route=%2Fwp%2Fv2%2Fcomments&post=268"}],"version-history":[{"count":3,"href":"https:\/\/scoutsdechaineux.com\/index.php?rest_route=\/wp\/v2\/pages\/268\/revisions"}],"predecessor-version":[{"id":272,"href":"https:\/\/scoutsdechaineux.com\/index.php?rest_route=\/wp\/v2\/pages\/268\/revisions\/272"}],"wp:attachment":[{"href":"https:\/\/scoutsdechaineux.com\/index.php?rest_route=%2Fwp%2Fv2%2Fmedia&parent=268"}],"wp:term":[{"taxonomy":"simple-restrict-permission","embeddable":true,"href":"https:\/\/scoutsdechaineux.com\/index.php?rest_route=%2Fwp%2Fv2%2Fsimple-restrict-permission&post=268"}],"curies":[{"name":"wp","href":"https:\/\/api.w.org\/{rel}","templated":true}]}}