{"id":2,"date":"2019-07-24T08:32:26","date_gmt":"2019-07-24T08:32:26","guid":{"rendered":"https:\/\/scoutsdechaineux.com\/?page_id=2"},"modified":"2019-08-21T14:17:43","modified_gmt":"2019-08-21T12:17:43","slug":"sample-page","status":"publish","type":"page","link":"https:\/\/scoutsdechaineux.com\/?page_id=2","title":{"rendered":"Unit\u00e9 Scoute de Chaineux"},"content":{"rendered":"\n<p><strong>Bienvenue sur le site de l\u2019unit\u00e9 scoute de Chaineux.<\/strong><\/p>\n\n\n\n<div class=\"wp-block-image\"><figure class=\"aligncenter is-resized\"><img loading=\"lazy\" decoding=\"async\" src=\"https:\/\/scoutsdechaineux.com\/wp-content\/uploads\/2019\/07\/cropped-Les-Scouts-751x1024.png\" alt=\"\" class=\"wp-image-35\" width=\"252\" height=\"344\" srcset=\"https:\/\/scoutsdechaineux.com\/wp-content\/uploads\/2019\/07\/cropped-Les-Scouts-751x1024.png 751w, https:\/\/scoutsdechaineux.com\/wp-content\/uploads\/2019\/07\/cropped-Les-Scouts-220x300.png 220w, https:\/\/scoutsdechaineux.com\/wp-content\/uploads\/2019\/07\/cropped-Les-Scouts-768x1047.png 768w, https:\/\/scoutsdechaineux.com\/wp-content\/uploads\/2019\/07\/cropped-Les-Scouts.png 954w\" sizes=\"auto, (max-width: 252px) 100vw, 252px\" \/><\/figure><\/div>\n\n\n\n<p>L\u2019unit\u00e9 scoute de Chaineux est une unit\u00e9 mixte, elle est ouverte tant aux gar\u00e7ons qu\u2019aux filles de 6 \u00e0 17 ans.<\/p>\n\n\n\n<p>Tu n\u2019as g\u00e9n\u00e9ralement rien \u00e0 faire le samedi et tu t\u2019ennuies souvent l\u2019apr\u00e8s-midi? Nous avons un rem\u00e8de pour toi: viens nous rejoindre de 14 \u00e0 17h pour passer des moments inoubliables. Et on ne parle m\u00eame pas du hike et du camp. N\u2019h\u00e9site pas \u00e0 prendre contact avec l\u2019animateur responsable de ta future section, tu trouveras ses coordonn\u00e9es dans l\u2019onglet staff ou contacte le staff d\u2019unit\u00e9.<\/p>\n\n\n\n<p>Tu fais d\u00e9j\u00e0 partie des 140 veinards qui passent des samedis apr\u00e8s-midis d\u00e9ments? Alors tu trouveras ici toutes les informations que tu pourrais chercher: les dates des prochaines r\u00e9unions, les photos des derni\u00e8res activit\u00e9s, les coordonn\u00e9es de tes animateurs, les derni\u00e8res informations utiles\u2026<\/p>\n\n\n\n<p>Nous te souhaitons une agr\u00e9able visite<\/p>\n\n\n\n<p>Vos animateurs<\/p>\n\n\n\n<div class=\"wp-block-image\"><figure class=\"aligncenter\"><img loading=\"lazy\" decoding=\"async\" width=\"640\" height=\"229\" src=\"https:\/\/scoutsdechaineux.com\/wp-content\/uploads\/2019\/07\/contact_new.png\" alt=\"\" class=\"wp-image-25\" srcset=\"https:\/\/scoutsdechaineux.com\/wp-content\/uploads\/2019\/07\/contact_new.png 640w, https:\/\/scoutsdechaineux.com\/wp-content\/uploads\/2019\/07\/contact_new-300x107.png 300w\" sizes=\"auto, (max-width: 640px) 100vw, 640px\" \/><\/figure><\/div>\n","protected":false},"excerpt":{"rendered":"<p>Bienvenue sur le site de l\u2019unit\u00e9 scoute de Chaineux. L\u2019unit\u00e9 scoute de Chaineux est une unit\u00e9 mixte, elle est ouverte tant aux gar\u00e7ons qu\u2019aux filles de 6 \u00e0 17 ans. Tu n\u2019as g\u00e9n\u00e9ralement rien \u00e0 faire le samedi et tu t\u2019ennuies souvent l\u2019apr\u00e8s-midi? Nous avons un rem\u00e8de pour toi: viens nous rejoindre de 14 \u00e0 &#8230; <a title=\"Unit\u00e9 Scoute de Chaineux\" class=\"read-more\" href=\"https:\/\/scoutsdechaineux.com\/?page_id=2\" aria-label=\"More on Unit\u00e9 Scoute de Chaineux\">Lire la suite<\/a><\/p>\n","protected":false},"author":1,"featured_media":0,"parent":0,"menu_order":0,"comment_status":"closed","ping_status":"open","template":"","meta":{"_monsterinsights_skip_tracking":false,"_monsterinsights_sitenote_active":false,"_monsterinsights_sitenote_note":"","_monsterinsights_sitenote_category":0,"footnotes":""},"simple-restrict-permission":[],"class_list":["post-2","page","type-page","status-publish"],"_links":{"self":[{"href":"https:\/\/scoutsdechaineux.com\/index.php?rest_route=\/wp\/v2\/pages\/2","targetHints":{"allow":["GET"]}}],"collection":[{"href":"https:\/\/scoutsdechaineux.com\/index.php?rest_route=\/wp\/v2\/pages"}],"about":[{"href":"https:\/\/scoutsdechaineux.com\/index.php?rest_route=\/wp\/v2\/types\/page"}],"author":[{"embeddable":true,"href":"https:\/\/scoutsdechaineux.com\/index.php?rest_route=\/wp\/v2\/users\/1"}],"replies":[{"embeddable":true,"href":"https:\/\/scoutsdechaineux.com\/index.php?rest_route=%2Fwp%2Fv2%2Fcomments&post=2"}],"version-history":[{"count":6,"href":"https:\/\/scoutsdechaineux.com\/index.php?rest_route=\/wp\/v2\/pages\/2\/revisions"}],"predecessor-version":[{"id":373,"href":"https:\/\/scoutsdechaineux.com\/index.php?rest_route=\/wp\/v2\/pages\/2\/revisions\/373"}],"wp:attachment":[{"href":"https:\/\/scoutsdechaineux.com\/index.php?rest_route=%2Fwp%2Fv2%2Fmedia&parent=2"}],"wp:term":[{"taxonomy":"simple-restrict-permission","embeddable":true,"href":"https:\/\/scoutsdechaineux.com\/index.php?rest_route=%2Fwp%2Fv2%2Fsimple-restrict-permission&post=2"}],"curies":[{"name":"wp","href":"https:\/\/api.w.org\/{rel}","templated":true}]}}