{"id":189,"date":"2019-08-15T09:58:35","date_gmt":"2019-08-15T07:58:35","guid":{"rendered":"https:\/\/scoutsdechaineux.com\/?page_id=189"},"modified":"2019-11-26T14:59:45","modified_gmt":"2019-11-26T12:59:45","slug":"test-taboo","status":"publish","type":"page","link":"https:\/\/scoutsdechaineux.com\/?page_id=189","title":{"rendered":"Espace animateurs"},"content":{"rendered":"\n<p>Cet espace vous est destin\u00e9, vous pourrez acc\u00e9der au contenu via des liens.<\/p>\n\n\n\n<p class=\"has-text-align-center\">  <a href=\"https:\/\/scoutsdechaineux.com\/?page_id=346\"><img loading=\"lazy\" decoding=\"async\" width=\"150\" height=\"150\" class=\"wp-image-368\" style=\"width: 150px;\" src=\"https:\/\/scoutsdechaineux.com\/wp-content\/uploads\/2019\/10\/26-512.png\" alt=\"\" srcset=\"https:\/\/scoutsdechaineux.com\/wp-content\/uploads\/2019\/10\/26-512.png 512w, https:\/\/scoutsdechaineux.com\/wp-content\/uploads\/2019\/10\/26-512-150x150.png 150w, https:\/\/scoutsdechaineux.com\/wp-content\/uploads\/2019\/10\/26-512-300x300.png 300w\" sizes=\"auto, (max-width: 150px) 100vw, 150px\" \/> Listing des anim\u00e9s<\/a><\/p>\n\n\n\n<p>Lien vers votre espace de stockage commun sur le Google Drive<\/p>\n\n\n\n<div class=\"wp-block-image\"><figure class=\"aligncenter size-large is-resized\"><a href=\"https:\/\/drive.google.com\/drive\/folders\/1saTXdw_Kp9Iki1jnnbatQLdn5CP09xh6?fbclid=IwAR11nHbD8HVLLUvkuKsqg_xhTVr6AG-h6BUO4QhBtZKMnUI3mP8Vipx94xE\"><img loading=\"lazy\" decoding=\"async\" src=\"https:\/\/scoutsdechaineux.com\/wp-content\/uploads\/2019\/10\/26-512.png\" alt=\"\" class=\"wp-image-368\" width=\"142\" height=\"142\" srcset=\"https:\/\/scoutsdechaineux.com\/wp-content\/uploads\/2019\/10\/26-512.png 512w, https:\/\/scoutsdechaineux.com\/wp-content\/uploads\/2019\/10\/26-512-150x150.png 150w, https:\/\/scoutsdechaineux.com\/wp-content\/uploads\/2019\/10\/26-512-300x300.png 300w\" sizes=\"auto, (max-width: 142px) 100vw, 142px\" \/><\/a><figcaption><a href=\"https:\/\/drive.google.com\/drive\/folders\/1saTXdw_Kp9Iki1jnnbatQLdn5CP09xh6?fbclid=IwAR11nHbD8HVLLUvkuKsqg_xhTVr6AG-h6BUO4QhBtZKMnUI3mP8Vipx94xE\">GDrive commun<\/a><\/figcaption><\/figure><\/div>\n","protected":false},"excerpt":{"rendered":"<p>Cet espace vous est destin\u00e9, vous pourrez acc\u00e9der au contenu via des liens. Listing des anim\u00e9s Lien vers votre espace de stockage commun sur le Google Drive<\/p>\n","protected":false},"author":1,"featured_media":0,"parent":0,"menu_order":0,"comment_status":"closed","ping_status":"closed","template":"","meta":{"_monsterinsights_skip_tracking":false,"_monsterinsights_sitenote_active":false,"_monsterinsights_sitenote_note":"","_monsterinsights_sitenote_category":0,"footnotes":""},"simple-restrict-permission":[13],"class_list":{"0":"post-189","1":"page","2":"type-page","3":"status-publish","5":"simple-restrict-permission-membres"},"_links":{"self":[{"href":"https:\/\/scoutsdechaineux.com\/index.php?rest_route=\/wp\/v2\/pages\/189","targetHints":{"allow":["GET"]}}],"collection":[{"href":"https:\/\/scoutsdechaineux.com\/index.php?rest_route=\/wp\/v2\/pages"}],"about":[{"href":"https:\/\/scoutsdechaineux.com\/index.php?rest_route=\/wp\/v2\/types\/page"}],"author":[{"embeddable":true,"href":"https:\/\/scoutsdechaineux.com\/index.php?rest_route=\/wp\/v2\/users\/1"}],"replies":[{"embeddable":true,"href":"https:\/\/scoutsdechaineux.com\/index.php?rest_route=%2Fwp%2Fv2%2Fcomments&post=189"}],"version-history":[{"count":4,"href":"https:\/\/scoutsdechaineux.com\/index.php?rest_route=\/wp\/v2\/pages\/189\/revisions"}],"predecessor-version":[{"id":546,"href":"https:\/\/scoutsdechaineux.com\/index.php?rest_route=\/wp\/v2\/pages\/189\/revisions\/546"}],"wp:attachment":[{"href":"https:\/\/scoutsdechaineux.com\/index.php?rest_route=%2Fwp%2Fv2%2Fmedia&parent=189"}],"wp:term":[{"taxonomy":"simple-restrict-permission","embeddable":true,"href":"https:\/\/scoutsdechaineux.com\/index.php?rest_route=%2Fwp%2Fv2%2Fsimple-restrict-permission&post=189"}],"curies":[{"name":"wp","href":"https:\/\/api.w.org\/{rel}","templated":true}]}}